{"id":19,"date":"2025-12-08T16:01:08","date_gmt":"2025-12-08T19:01:08","guid":{"rendered":"http:\/\/nancyzunino.com\/?page_id=19"},"modified":"2026-01-22T12:33:14","modified_gmt":"2026-01-22T15:33:14","slug":"cursos","status":"publish","type":"page","link":"https:\/\/nancyzunino.com\/index.php\/cursos\/","title":{"rendered":"Cursos"},"content":{"rendered":"\t\t<div data-elementor-type=\"wp-page\" data-elementor-id=\"19\" class=\"elementor elementor-19\" data-elementor-post-type=\"page\">\n\t\t\t\t<div class=\"elementor-element elementor-element-3eb7786 e-flex e-con-boxed e-con e-parent\" data-id=\"3eb7786\" data-element_type=\"container\" data-e-type=\"container\">\n\t\t\t\t\t<div class=\"e-con-inner\">\n\t\t\t\t<div class=\"elementor-element elementor-element-782faa5 elementor-widget elementor-widget-image\" data-id=\"782faa5\" data-element_type=\"widget\" data-e-type=\"widget\" data-widget_type=\"image.default\">\n\t\t\t\t\t\t\t\t\t\t\t\t\t\t\t<img decoding=\"async\" width=\"150\" height=\"150\" src=\"https:\/\/nancyzunino.com\/wp-content\/uploads\/2025\/12\/cursos-01-150x150.png\" class=\"attachment-thumbnail size-thumbnail wp-image-331\" alt=\"\" \/>\t\t\t\t\t\t\t\t\t\t\t\t\t\t\t<\/div>\n\t\t\t\t<div class=\"elementor-element elementor-element-1333bda elementor-widget elementor-widget-heading\" data-id=\"1333bda\" data-element_type=\"widget\" data-e-type=\"widget\" data-widget_type=\"heading.default\">\n\t\t\t\t\t<h2 class=\"elementor-heading-title elementor-size-default\">CURSOS Y TALLERES<\/h2>\t\t\t\t<\/div>\n\t\t\t\t<div class=\"elementor-element elementor-element-759d178 elementor-widget-divider--view-line elementor-widget elementor-widget-divider\" data-id=\"759d178\" data-element_type=\"widget\" data-e-type=\"widget\" data-widget_type=\"divider.default\">\n\t\t\t\t\t\t\t<div class=\"elementor-divider\">\n\t\t\t<span class=\"elementor-divider-separator\">\n\t\t\t\t\t\t<\/span>\n\t\t<\/div>\n\t\t\t\t\t\t<\/div>\n\t\t\t\t\t<\/div>\n\t\t\t\t<\/div>\n\t\t<div class=\"elementor-element elementor-element-b94a73c e-grid e-con-boxed e-con e-parent\" data-id=\"b94a73c\" data-element_type=\"container\" data-e-type=\"container\">\n\t\t\t\t\t<div class=\"e-con-inner\">\n\t\t<div class=\"elementor-element elementor-element-dcfeff6 e-con-full e-flex e-con e-child\" data-id=\"dcfeff6\" data-element_type=\"container\" data-e-type=\"container\">\n\t\t\t\t<div class=\"elementor-element elementor-element-691173e elementor-widget elementor-widget-heading\" data-id=\"691173e\" data-element_type=\"widget\" data-e-type=\"widget\" data-widget_type=\"heading.default\">\n\t\t\t\t\t<h2 class=\"elementor-heading-title elementor-size-default\">CAPACITACIONES<\/h2>\t\t\t\t<\/div>\n\t\t\t\t<div class=\"elementor-element elementor-element-b6b2771 elementor-widget elementor-widget-image\" data-id=\"b6b2771\" data-element_type=\"widget\" data-e-type=\"widget\" data-widget_type=\"image.default\">\n\t\t\t\t\t\t\t\t\t\t\t\t\t\t\t<img fetchpriority=\"high\" decoding=\"async\" width=\"1080\" height=\"608\" src=\"https:\/\/nancyzunino.com\/wp-content\/uploads\/2026\/01\/20220514_175539-scaled-e1770294401430.jpg\" class=\"attachment-full size-full wp-image-1629\" alt=\"\" \/>\t\t\t\t\t\t\t\t\t\t\t\t\t\t\t<\/div>\n\t\t\t\t<\/div>\n\t\t<div class=\"elementor-element elementor-element-8b7415b e-con-full e-flex e-con e-child\" data-id=\"8b7415b\" data-element_type=\"container\" data-e-type=\"container\">\n\t\t\t\t<div class=\"elementor-element elementor-element-300ce1e elementor-widget elementor-widget-heading\" data-id=\"300ce1e\" data-element_type=\"widget\" data-e-type=\"widget\" data-widget_type=\"heading.default\">\n\t\t\t\t\t<h2 class=\"elementor-heading-title elementor-size-default\">Aprende a manejar tu DRON<\/h2>\t\t\t\t<\/div>\n\t\t\t\t<div class=\"elementor-element elementor-element-546d289 elementor-widget elementor-widget-text-editor\" data-id=\"546d289\" data-element_type=\"widget\" data-e-type=\"widget\" data-widget_type=\"text-editor.default\">\n\t\t\t\t\t\t\t\t\t<p data-start=\"165\" data-end=\"450\">Dise\u00f1\u00e9 mis cursos y talleres de drones para acompa\u00f1ar a quienes desean iniciarse, profesionalizarse o perfeccionarse en el uso de veh\u00edculos a\u00e9reos no tripulados, combinando <strong data-start=\"338\" data-end=\"382\">formaci\u00f3n t\u00e9cnica, normativa y operativa<\/strong>, con una fuerte orientaci\u00f3n pr\u00e1ctica basada en experiencias reales.<\/p><p data-start=\"452\" data-end=\"740\">En cada capacitaci\u00f3n comparto los <strong data-start=\"486\" data-end=\"518\">fundamentos del vuelo seguro<\/strong>, la <strong data-start=\"523\" data-end=\"546\">legislaci\u00f3n vigente<\/strong>, la <strong data-start=\"551\" data-end=\"587\">gesti\u00f3n de riesgos operacionales<\/strong>, la planificaci\u00f3n de misiones y el uso del dron como herramienta profesional para la captura de im\u00e1genes y videos a\u00e9reos aplicados a distintos sectores.<\/p><p data-start=\"742\" data-end=\"1090\">Trabajo con grupos reducidos para ofrecer un acompa\u00f1amiento personalizado, priorizando siempre la <strong data-start=\"840\" data-end=\"892\">seguridad, el criterio operativo y la eficiencia<\/strong> en cada vuelo. Mi objetivo es que cada participante adquiera no solo habilidades t\u00e9cnicas, sino tambi\u00e9n la confianza y el criterio necesarios para operar drones de manera responsable y profesional.<\/p>\t\t\t\t\t\t\t\t<\/div>\n\t\t\t\t<div class=\"elementor-element elementor-element-54a45ca elementor-widget elementor-widget-button\" data-id=\"54a45ca\" data-element_type=\"widget\" data-e-type=\"widget\" data-widget_type=\"button.default\">\n\t\t\t\t\t\t\t\t\t\t<a class=\"elementor-button elementor-button-link elementor-size-sm\" href=\"https:\/\/dronesbird.com.ar\/taller\/\">\n\t\t\t\t\t\t<span class=\"elementor-button-content-wrapper\">\n\t\t\t\t\t\t\t\t\t<span class=\"elementor-button-text\">Ver Taller<\/span>\n\t\t\t\t\t<\/span>\n\t\t\t\t\t<\/a>\n\t\t\t\t\t\t\t\t<\/div>\n\t\t\t\t<\/div>\n\t\t\t\t\t<\/div>\n\t\t\t\t<\/div>\n\t\t<div class=\"elementor-element elementor-element-af7f3bb e-flex e-con-boxed e-con e-parent\" data-id=\"af7f3bb\" data-element_type=\"container\" data-e-type=\"container\" data-settings=\"{&quot;background_background&quot;:&quot;classic&quot;}\">\n\t\t\t\t\t<div class=\"e-con-inner\">\n\t\t\t\t<div class=\"elementor-element elementor-element-524fa6b elementor-widget elementor-widget-spacer\" data-id=\"524fa6b\" data-element_type=\"widget\" data-e-type=\"widget\" data-widget_type=\"spacer.default\">\n\t\t\t\t\t\t\t<div class=\"elementor-spacer\">\n\t\t\t<div class=\"elementor-spacer-inner\"><\/div>\n\t\t<\/div>\n\t\t\t\t\t\t<\/div>\n\t\t\t\t\t<\/div>\n\t\t\t\t<\/div>\n\t\t<div class=\"elementor-element elementor-element-50be3cd e-flex e-con-boxed e-con e-parent\" data-id=\"50be3cd\" data-element_type=\"container\" data-e-type=\"container\" data-settings=\"{&quot;background_background&quot;:&quot;classic&quot;}\">\n\t\t\t\t\t<div class=\"e-con-inner\">\n\t\t\t\t<div class=\"elementor-element elementor-element-82c3f75 elementor-widget elementor-widget-image\" data-id=\"82c3f75\" data-element_type=\"widget\" data-e-type=\"widget\" data-widget_type=\"image.default\">\n\t\t\t\t\t\t\t\t\t\t\t\t\t\t\t<img decoding=\"async\" width=\"150\" height=\"150\" src=\"https:\/\/nancyzunino.com\/wp-content\/uploads\/2025\/12\/asesoramiento-01-150x150.png\" class=\"attachment-thumbnail size-thumbnail wp-image-330\" alt=\"\" \/>\t\t\t\t\t\t\t\t\t\t\t\t\t\t\t<\/div>\n\t\t\t\t<div class=\"elementor-element elementor-element-61dd02b elementor-widget elementor-widget-heading\" data-id=\"61dd02b\" data-element_type=\"widget\" data-e-type=\"widget\" data-widget_type=\"heading.default\">\n\t\t\t\t\t<h2 class=\"elementor-heading-title elementor-size-default\">ASESORAMIENTOS<\/h2>\t\t\t\t<\/div>\n\t\t\t\t<div class=\"elementor-element elementor-element-048c450 elementor-widget-divider--view-line elementor-widget elementor-widget-divider\" data-id=\"048c450\" data-element_type=\"widget\" data-e-type=\"widget\" data-widget_type=\"divider.default\">\n\t\t\t\t\t\t\t<div class=\"elementor-divider\">\n\t\t\t<span class=\"elementor-divider-separator\">\n\t\t\t\t\t\t<\/span>\n\t\t<\/div>\n\t\t\t\t\t\t<\/div>\n\t\t\t\t\t<\/div>\n\t\t\t\t<\/div>\n\t\t<div class=\"elementor-element elementor-element-17b0a77 e-grid e-con-boxed e-con e-parent\" data-id=\"17b0a77\" data-element_type=\"container\" data-e-type=\"container\">\n\t\t\t\t\t<div class=\"e-con-inner\">\n\t\t<div class=\"elementor-element elementor-element-cd97434 e-con-full e-flex e-con e-child\" data-id=\"cd97434\" data-element_type=\"container\" data-e-type=\"container\">\n\t\t\t\t<div class=\"elementor-element elementor-element-cae1863 elementor-widget elementor-widget-heading\" data-id=\"cae1863\" data-element_type=\"widget\" data-e-type=\"widget\" data-widget_type=\"heading.default\">\n\t\t\t\t\t<h2 class=\"elementor-heading-title elementor-size-default\">ASESOR\u00cdAS<\/h2>\t\t\t\t<\/div>\n\t\t\t\t<div class=\"elementor-element elementor-element-1d45c18 elementor-widget elementor-widget-image\" data-id=\"1d45c18\" data-element_type=\"widget\" data-e-type=\"widget\" data-widget_type=\"image.default\">\n\t\t\t\t\t\t\t\t\t\t\t\t\t\t\t<img loading=\"lazy\" decoding=\"async\" width=\"810\" height=\"1080\" src=\"https:\/\/nancyzunino.com\/wp-content\/uploads\/2026\/01\/WhatsApp-Image-2021-10-24-at-12.53.10-e1770294389950.jpeg\" class=\"attachment-full size-full wp-image-1631\" alt=\"\" \/>\t\t\t\t\t\t\t\t\t\t\t\t\t\t\t<\/div>\n\t\t\t\t<div class=\"elementor-element elementor-element-da1202f elementor-widget elementor-widget-spacer\" data-id=\"da1202f\" data-element_type=\"widget\" data-e-type=\"widget\" data-widget_type=\"spacer.default\">\n\t\t\t\t\t\t\t<div class=\"elementor-spacer\">\n\t\t\t<div class=\"elementor-spacer-inner\"><\/div>\n\t\t<\/div>\n\t\t\t\t\t\t<\/div>\n\t\t\t\t<\/div>\n\t\t<div class=\"elementor-element elementor-element-d9b4ae1 e-con-full e-flex e-con e-child\" data-id=\"d9b4ae1\" data-element_type=\"container\" data-e-type=\"container\">\n\t\t\t\t<div class=\"elementor-element elementor-element-d2c371b elementor-widget elementor-widget-heading\" data-id=\"d2c371b\" data-element_type=\"widget\" data-e-type=\"widget\" data-widget_type=\"heading.default\">\n\t\t\t\t\t<h2 class=\"elementor-heading-title elementor-size-default\">Asesor\u00eda en Operaciones con Drones<\/h2>\t\t\t\t<\/div>\n\t\t\t\t<div class=\"elementor-element elementor-element-d9d029b elementor-widget elementor-widget-text-editor\" data-id=\"d9d029b\" data-element_type=\"widget\" data-e-type=\"widget\" data-widget_type=\"text-editor.default\">\n\t\t\t\t\t\t\t\t\t<p data-start=\"303\" data-end=\"605\">Brindo asesor\u00eda personalizada para quienes necesitan operar drones de forma <strong data-start=\"379\" data-end=\"408\">segura, legal y eficiente<\/strong>. Acompa\u00f1o en la planificaci\u00f3n de operaciones, cumplimiento normativo, gesti\u00f3n de riesgos y definici\u00f3n de procedimientos, aplicando mi experiencia real en campo como piloto y operadora profesional.<\/p><p data-start=\"607\" data-end=\"720\">Ideal para operadores, empresas, emprendedores y proyectos que requieren criterio t\u00e9cnico y respaldo profesional.<\/p>\t\t\t\t\t\t\t\t<\/div>\n\t\t\t\t<div class=\"elementor-element elementor-element-c7340c0 elementor-widget elementor-widget-button\" data-id=\"c7340c0\" data-element_type=\"widget\" data-e-type=\"widget\" data-widget_type=\"button.default\">\n\t\t\t\t\t\t\t\t\t\t<a class=\"elementor-button elementor-button-link elementor-size-sm\" href=\"https:\/\/api.whatsapp.com\/send?phone=5491127650007&#038;text=Hola%21%20Quisiera%20m%C3%A1s%20informaci%C3%B3n%20para:%20asesoria.\">\n\t\t\t\t\t\t<span class=\"elementor-button-content-wrapper\">\n\t\t\t\t\t\t\t\t\t<span class=\"elementor-button-text\">Asesor\u00edas<\/span>\n\t\t\t\t\t<\/span>\n\t\t\t\t\t<\/a>\n\t\t\t\t\t\t\t\t<\/div>\n\t\t\t\t<\/div>\n\t\t\t\t\t<\/div>\n\t\t\t\t<\/div>\n\t\t\t\t<\/div>\n\t\t","protected":false},"excerpt":{"rendered":"<p>CURSOS Y TALLERES CAPACITACIONES Aprende a manejar tu DRON Dise\u00f1\u00e9 mis cursos y talleres de drones para acompa\u00f1ar a quienes desean iniciarse, profesionalizarse o perfeccionarse en el uso de veh\u00edculos a\u00e9reos no tripulados, combinando formaci\u00f3n t\u00e9cnica, normativa y operativa, con una fuerte orientaci\u00f3n pr\u00e1ctica basada en experiencias reales. En cada capacitaci\u00f3n comparto los fundamentos del [&hellip;]<\/p>\n","protected":false},"author":1,"featured_media":0,"parent":0,"menu_order":0,"comment_status":"closed","ping_status":"closed","template":"","meta":{"footnotes":""},"class_list":["post-19","page","type-page","status-publish","hentry"],"_links":{"self":[{"href":"https:\/\/nancyzunino.com\/index.php\/wp-json\/wp\/v2\/pages\/19","targetHints":{"allow":["GET"]}}],"collection":[{"href":"https:\/\/nancyzunino.com\/index.php\/wp-json\/wp\/v2\/pages"}],"about":[{"href":"https:\/\/nancyzunino.com\/index.php\/wp-json\/wp\/v2\/types\/page"}],"author":[{"embeddable":true,"href":"https:\/\/nancyzunino.com\/index.php\/wp-json\/wp\/v2\/users\/1"}],"replies":[{"embeddable":true,"href":"https:\/\/nancyzunino.com\/index.php\/wp-json\/wp\/v2\/comments?post=19"}],"version-history":[{"count":49,"href":"https:\/\/nancyzunino.com\/index.php\/wp-json\/wp\/v2\/pages\/19\/revisions"}],"predecessor-version":[{"id":1913,"href":"https:\/\/nancyzunino.com\/index.php\/wp-json\/wp\/v2\/pages\/19\/revisions\/1913"}],"wp:attachment":[{"href":"https:\/\/nancyzunino.com\/index.php\/wp-json\/wp\/v2\/media?parent=19"}],"curies":[{"name":"wp","href":"https:\/\/api.w.org\/{rel}","templated":true}]}}