{"id":21,"date":"2025-12-08T16:01:20","date_gmt":"2025-12-08T19:01:20","guid":{"rendered":"http:\/\/nancyzunino.com\/?page_id=21"},"modified":"2026-02-03T10:01:19","modified_gmt":"2026-02-03T13:01:19","slug":"servicios","status":"publish","type":"page","link":"https:\/\/nancyzunino.com\/index.php\/servicios\/","title":{"rendered":"Servicios"},"content":{"rendered":"\t\t<div data-elementor-type=\"wp-page\" data-elementor-id=\"21\" class=\"elementor elementor-21\" data-elementor-post-type=\"page\">\n\t\t\t\t<div class=\"elementor-element elementor-element-4cd62bd e-flex e-con-boxed e-con e-parent\" data-id=\"4cd62bd\" data-element_type=\"container\" data-e-type=\"container\">\n\t\t\t\t\t<div class=\"e-con-inner\">\n\t\t<div class=\"elementor-element elementor-element-c60e455 e-con-full e-flex e-con e-child\" data-id=\"c60e455\" data-element_type=\"container\" data-e-type=\"container\">\n\t\t\t\t<div class=\"elementor-element elementor-element-cf6ebe3 elementor-widget elementor-widget-image\" data-id=\"cf6ebe3\" data-element_type=\"widget\" data-e-type=\"widget\" data-widget_type=\"image.default\">\n\t\t\t\t\t\t\t\t\t\t\t\t\t\t\t<img decoding=\"async\" src=\"https:\/\/nancyzunino.com\/wp-content\/uploads\/2025\/12\/asesoramiento-01-e1770123782544.png\" title=\"asesoramiento&#8211;01\" alt=\"asesoramiento--01\" loading=\"lazy\" \/>\t\t\t\t\t\t\t\t\t\t\t\t\t\t\t<\/div>\n\t\t\t\t<\/div>\n\t\t\t\t<div class=\"elementor-element elementor-element-710822d elementor-widget elementor-widget-heading\" data-id=\"710822d\" data-element_type=\"widget\" data-e-type=\"widget\" data-widget_type=\"heading.default\">\n\t\t\t\t\t<h2 class=\"elementor-heading-title elementor-size-default\">SERVICIOS<\/h2>\t\t\t\t<\/div>\n\t\t\t\t<div class=\"elementor-element elementor-element-08dc69a elementor-widget-divider--view-line elementor-widget elementor-widget-divider\" data-id=\"08dc69a\" data-element_type=\"widget\" data-e-type=\"widget\" data-widget_type=\"divider.default\">\n\t\t\t\t\t\t\t<div class=\"elementor-divider\">\n\t\t\t<span class=\"elementor-divider-separator\">\n\t\t\t\t\t\t<\/span>\n\t\t<\/div>\n\t\t\t\t\t\t<\/div>\n\t\t\t\t\t<\/div>\n\t\t\t\t<\/div>\n\t\t<div class=\"elementor-element elementor-element-503b273 e-flex e-con-boxed e-con e-parent\" data-id=\"503b273\" data-element_type=\"container\" data-e-type=\"container\">\n\t\t\t\t\t<div class=\"e-con-inner\">\n\t\t<div class=\"elementor-element elementor-element-63667ea e-grid e-con-full e-con e-child\" data-id=\"63667ea\" data-element_type=\"container\" data-e-type=\"container\">\n\t\t<div class=\"elementor-element elementor-element-63777ec e-con-full e-flex e-con e-child\" data-id=\"63777ec\" data-element_type=\"container\" data-e-type=\"container\">\n\t\t\t\t<div class=\"elementor-element elementor-element-29b24d0 elementor-widget elementor-widget-heading\" data-id=\"29b24d0\" data-element_type=\"widget\" data-e-type=\"widget\" data-widget_type=\"heading.default\">\n\t\t\t\t\t<h2 class=\"elementor-heading-title elementor-size-default\">PERITAJES<\/h2>\t\t\t\t<\/div>\n\t\t\t\t<div class=\"elementor-element elementor-element-17adfa3 elementor-widget elementor-widget-text-editor\" data-id=\"17adfa3\" data-element_type=\"widget\" data-e-type=\"widget\" data-widget_type=\"text-editor.default\">\n\t\t\t\t\t\t\t\t\t<p>\u2022 Para Compa\u00f1\u00edas de Seguros.<br \/>\u2022 Seguridad Patrimonial.<br \/>\u2022 Videos para Segmentos Inmobiliarios, capturando im\u00e1genes que permitan mostrar lo mejor de su propiedad.<br \/>\u2022 Seguimiento de Obras, con actualizaciones mensuales.<br \/><br \/>\u2022 Identifica problemas, reduciendo costos y tiempo.<br \/>\u2022 Monitoreo ambiental: Control de tr\u00e1fico y multitudes en eventos masivos o situaciones de emergencia.<\/p>\t\t\t\t\t\t\t\t<\/div>\n\t\t\t\t<\/div>\n\t\t<div class=\"elementor-element elementor-element-e5d4f9e e-con-full e-flex e-con e-child\" data-id=\"e5d4f9e\" data-element_type=\"container\" data-e-type=\"container\">\n\t\t\t\t<div class=\"elementor-element elementor-element-072c182 elementor-widget elementor-widget-image\" data-id=\"072c182\" data-element_type=\"widget\" data-e-type=\"widget\" data-widget_type=\"image.default\">\n\t\t\t\t\t\t\t\t\t\t\t\t\t\t\t<img fetchpriority=\"high\" decoding=\"async\" width=\"773\" height=\"508\" src=\"https:\/\/nancyzunino.com\/wp-content\/uploads\/2026\/01\/img-RELEVAMIENTO.jpg\" class=\"attachment-large size-large wp-image-1457\" alt=\"\" srcset=\"https:\/\/nancyzunino.com\/wp-content\/uploads\/2026\/01\/img-RELEVAMIENTO.jpg 773w, https:\/\/nancyzunino.com\/wp-content\/uploads\/2026\/01\/img-RELEVAMIENTO-300x197.jpg 300w, https:\/\/nancyzunino.com\/wp-content\/uploads\/2026\/01\/img-RELEVAMIENTO-768x505.jpg 768w\" sizes=\"(max-width: 773px) 100vw, 773px\" \/>\t\t\t\t\t\t\t\t\t\t\t\t\t\t\t<\/div>\n\t\t\t\t<\/div>\n\t\t\t\t<\/div>\n\t\t\t\t\t<\/div>\n\t\t\t\t<\/div>\n\t\t<div class=\"elementor-element elementor-element-5fce3a6 e-flex e-con-boxed e-con e-parent\" data-id=\"5fce3a6\" data-element_type=\"container\" data-e-type=\"container\">\n\t\t\t\t\t<div class=\"e-con-inner\">\n\t\t\t\t<div class=\"elementor-element elementor-element-b19932b elementor-widget-divider--view-line elementor-widget elementor-widget-divider\" data-id=\"b19932b\" data-element_type=\"widget\" data-e-type=\"widget\" data-widget_type=\"divider.default\">\n\t\t\t\t\t\t\t<div class=\"elementor-divider\">\n\t\t\t<span class=\"elementor-divider-separator\">\n\t\t\t\t\t\t<\/span>\n\t\t<\/div>\n\t\t\t\t\t\t<\/div>\n\t\t\t\t\t<\/div>\n\t\t\t\t<\/div>\n\t\t<div class=\"elementor-element elementor-element-2e79c0f e-flex e-con-boxed e-con e-parent\" data-id=\"2e79c0f\" data-element_type=\"container\" data-e-type=\"container\">\n\t\t\t\t\t<div class=\"e-con-inner\">\n\t\t<div class=\"elementor-element elementor-element-9d70127 e-grid e-con-full e-con e-child\" data-id=\"9d70127\" data-element_type=\"container\" data-e-type=\"container\">\n\t\t<div class=\"elementor-element elementor-element-d63358c e-con-full e-flex e-con e-child\" data-id=\"d63358c\" data-element_type=\"container\" data-e-type=\"container\">\n\t\t\t\t<div class=\"elementor-element elementor-element-5165883 elementor-widget elementor-widget-heading\" data-id=\"5165883\" data-element_type=\"widget\" data-e-type=\"widget\" data-widget_type=\"heading.default\">\n\t\t\t\t\t<h2 class=\"elementor-heading-title elementor-size-default\">EVENTOS<\/h2>\t\t\t\t<\/div>\n\t\t\t\t<div class=\"elementor-element elementor-element-fa5386f elementor-widget elementor-widget-text-editor\" data-id=\"fa5386f\" data-element_type=\"widget\" data-e-type=\"widget\" data-widget_type=\"text-editor.default\">\n\t\t\t\t\t\t\t\t\t<p class=\"line-left\">Deportivos (carreras, escalada en roca, f\u00fatbol, n\u00e1utica, turismo aventura, etc.)<br \/>Jornadas sociales (bodas, congresos, cumplea\u00f1os, desfiles, moda y manifestaciones).<br \/>Turismo: (eventos, institucionales provinciales).<\/p><p class=\"line-left\"><strong>BENEFICIOS:<\/strong><br \/>\u2022 Calidad cinematogr\u00e1fica en 4K.<br \/>\u2022 Soluciones personalizadas para tus proyectos.<br \/><br \/><strong>Solicita una cotizaci\u00f3n personalizada hoy mismo!.<\/strong><\/p>\t\t\t\t\t\t\t\t<\/div>\n\t\t\t\t<\/div>\n\t\t<div class=\"elementor-element elementor-element-5f9843e e-con-full e-flex e-con e-child\" data-id=\"5f9843e\" data-element_type=\"container\" data-e-type=\"container\">\n\t\t\t\t<div class=\"elementor-element elementor-element-d85ceaf elementor-widget elementor-widget-image\" data-id=\"d85ceaf\" data-element_type=\"widget\" data-e-type=\"widget\" data-widget_type=\"image.default\">\n\t\t\t\t\t\t\t\t\t\t\t\t\t\t\t<img decoding=\"async\" width=\"773\" height=\"508\" src=\"https:\/\/nancyzunino.com\/wp-content\/uploads\/2026\/01\/img-EVENTO.jpg\" class=\"attachment-large size-large wp-image-1455\" alt=\"\" srcset=\"https:\/\/nancyzunino.com\/wp-content\/uploads\/2026\/01\/img-EVENTO.jpg 773w, https:\/\/nancyzunino.com\/wp-content\/uploads\/2026\/01\/img-EVENTO-300x197.jpg 300w, https:\/\/nancyzunino.com\/wp-content\/uploads\/2026\/01\/img-EVENTO-768x505.jpg 768w\" sizes=\"(max-width: 773px) 100vw, 773px\" \/>\t\t\t\t\t\t\t\t\t\t\t\t\t\t\t<\/div>\n\t\t\t\t<\/div>\n\t\t\t\t<\/div>\n\t\t\t\t\t<\/div>\n\t\t\t\t<\/div>\n\t\t<div class=\"elementor-element elementor-element-6281e81 e-flex e-con-boxed e-con e-parent\" data-id=\"6281e81\" data-element_type=\"container\" data-e-type=\"container\">\n\t\t\t\t\t<div class=\"e-con-inner\">\n\t\t\t\t<div class=\"elementor-element elementor-element-da3062a elementor-widget-divider--view-line elementor-widget elementor-widget-divider\" data-id=\"da3062a\" data-element_type=\"widget\" data-e-type=\"widget\" data-widget_type=\"divider.default\">\n\t\t\t\t\t\t\t<div class=\"elementor-divider\">\n\t\t\t<span class=\"elementor-divider-separator\">\n\t\t\t\t\t\t<\/span>\n\t\t<\/div>\n\t\t\t\t\t\t<\/div>\n\t\t\t\t\t<\/div>\n\t\t\t\t<\/div>\n\t\t<div class=\"elementor-element elementor-element-d36dd98 e-flex e-con-boxed e-con e-parent\" data-id=\"d36dd98\" data-element_type=\"container\" data-e-type=\"container\">\n\t\t\t\t\t<div class=\"e-con-inner\">\n\t\t<div class=\"elementor-element elementor-element-7f4cbe5 e-grid e-con-full e-con e-child\" data-id=\"7f4cbe5\" data-element_type=\"container\" data-e-type=\"container\">\n\t\t<div class=\"elementor-element elementor-element-04fd015 e-con-full e-flex e-con e-child\" data-id=\"04fd015\" data-element_type=\"container\" data-e-type=\"container\">\n\t\t\t\t<div class=\"elementor-element elementor-element-011bf2f elementor-widget elementor-widget-heading\" data-id=\"011bf2f\" data-element_type=\"widget\" data-e-type=\"widget\" data-widget_type=\"heading.default\">\n\t\t\t\t\t<h2 class=\"elementor-heading-title elementor-size-default\">PRENSA<\/h2>\t\t\t\t<\/div>\n\t\t\t\t<div class=\"elementor-element elementor-element-2ca91a5 elementor-widget elementor-widget-text-editor\" data-id=\"2ca91a5\" data-element_type=\"widget\" data-e-type=\"widget\" data-widget_type=\"text-editor.default\">\n\t\t\t\t\t\t\t\t\t<p>\u2022 Spot publicitarios.<br \/>\u2022 Contenidos multimedia.<br \/>\u2022 Videoclips.<br \/>\u2022 Fotograf\u00eda A\u00e9rea: Creativa, 360 Grados, timelapse, hiperlapse, Active Track, im\u00e1genes cenitales, con edici\u00f3n propia.<\/p>\t\t\t\t\t\t\t\t<\/div>\n\t\t\t\t<\/div>\n\t\t<div class=\"elementor-element elementor-element-95f99b7 e-con-full e-flex e-con e-child\" data-id=\"95f99b7\" data-element_type=\"container\" data-e-type=\"container\">\n\t\t\t\t<div class=\"elementor-element elementor-element-3ac20b0 elementor-widget elementor-widget-image\" data-id=\"3ac20b0\" data-element_type=\"widget\" data-e-type=\"widget\" data-widget_type=\"image.default\">\n\t\t\t\t\t\t\t\t\t\t\t\t\t\t\t<img decoding=\"async\" width=\"773\" height=\"508\" src=\"https:\/\/nancyzunino.com\/wp-content\/uploads\/2026\/01\/img-PRENSA.jpg\" class=\"attachment-large size-large wp-image-1456\" alt=\"\" srcset=\"https:\/\/nancyzunino.com\/wp-content\/uploads\/2026\/01\/img-PRENSA.jpg 773w, https:\/\/nancyzunino.com\/wp-content\/uploads\/2026\/01\/img-PRENSA-300x197.jpg 300w, https:\/\/nancyzunino.com\/wp-content\/uploads\/2026\/01\/img-PRENSA-768x505.jpg 768w\" sizes=\"(max-width: 773px) 100vw, 773px\" \/>\t\t\t\t\t\t\t\t\t\t\t\t\t\t\t<\/div>\n\t\t\t\t<\/div>\n\t\t\t\t<\/div>\n\t\t\t\t\t<\/div>\n\t\t\t\t<\/div>\n\t\t<div class=\"elementor-element elementor-element-dd5c399 e-flex e-con-boxed e-con e-parent\" data-id=\"dd5c399\" data-element_type=\"container\" data-e-type=\"container\">\n\t\t\t\t\t<div class=\"e-con-inner\">\n\t\t\t\t<div class=\"elementor-element elementor-element-2a3ceac elementor-widget-divider--view-line elementor-widget elementor-widget-divider\" data-id=\"2a3ceac\" data-element_type=\"widget\" data-e-type=\"widget\" data-widget_type=\"divider.default\">\n\t\t\t\t\t\t\t<div class=\"elementor-divider\">\n\t\t\t<span class=\"elementor-divider-separator\">\n\t\t\t\t\t\t<\/span>\n\t\t<\/div>\n\t\t\t\t\t\t<\/div>\n\t\t\t\t\t<\/div>\n\t\t\t\t<\/div>\n\t\t\t\t<\/div>\n\t\t","protected":false},"excerpt":{"rendered":"<p>SERVICIOS PERITAJES \u2022 Para Compa\u00f1\u00edas de Seguros.\u2022 Seguridad Patrimonial.\u2022 Videos para Segmentos Inmobiliarios, capturando im\u00e1genes que permitan mostrar lo mejor de su propiedad.\u2022 Seguimiento de Obras, con actualizaciones mensuales. \u2022 Identifica problemas, reduciendo costos y tiempo.\u2022 Monitoreo ambiental: Control de tr\u00e1fico y multitudes en eventos masivos o situaciones de emergencia. EVENTOS Deportivos (carreras, escalada en [&hellip;]<\/p>\n","protected":false},"author":1,"featured_media":0,"parent":0,"menu_order":0,"comment_status":"closed","ping_status":"closed","template":"","meta":{"footnotes":""},"class_list":["post-21","page","type-page","status-publish","hentry"],"_links":{"self":[{"href":"https:\/\/nancyzunino.com\/index.php\/wp-json\/wp\/v2\/pages\/21","targetHints":{"allow":["GET"]}}],"collection":[{"href":"https:\/\/nancyzunino.com\/index.php\/wp-json\/wp\/v2\/pages"}],"about":[{"href":"https:\/\/nancyzunino.com\/index.php\/wp-json\/wp\/v2\/types\/page"}],"author":[{"embeddable":true,"href":"https:\/\/nancyzunino.com\/index.php\/wp-json\/wp\/v2\/users\/1"}],"replies":[{"embeddable":true,"href":"https:\/\/nancyzunino.com\/index.php\/wp-json\/wp\/v2\/comments?post=21"}],"version-history":[{"count":25,"href":"https:\/\/nancyzunino.com\/index.php\/wp-json\/wp\/v2\/pages\/21\/revisions"}],"predecessor-version":[{"id":2611,"href":"https:\/\/nancyzunino.com\/index.php\/wp-json\/wp\/v2\/pages\/21\/revisions\/2611"}],"wp:attachment":[{"href":"https:\/\/nancyzunino.com\/index.php\/wp-json\/wp\/v2\/media?parent=21"}],"curies":[{"name":"wp","href":"https:\/\/api.w.org\/{rel}","templated":true}]}}